{"id":3911,"date":"2026-01-16T11:04:21","date_gmt":"2026-01-16T10:04:21","guid":{"rendered":"https:\/\/www.regenea.eu\/?page_id=3911"},"modified":"2026-04-09T10:38:17","modified_gmt":"2026-04-09T08:38:17","slug":"poradna","status":"publish","type":"page","link":"https:\/\/www.regenea.eu\/?page_id=3911","title":{"rendered":"M\u011b\u0159en\u00ed zdrav\u00ed organismu a prvotn\u00ed prevence"},"content":{"rendered":"\n<div style=\"height:39px\" aria-hidden=\"true\" class=\"wp-block-spacer\"><\/div>\n\n\n\n<p class=\"has-text-align-center has-medium-font-size\">Chcete v\u011bd\u011bt, jak jste na tom opravdu s Va\u0161\u00edm zdrav\u00edm \u010di zdrav\u00edm Va\u0161eho d\u00edt\u011bte? Nebo m\u00e1te pot\u00ed\u017ee a p\u0159es ve\u0161ker\u00e1 modern\u00ed vy\u0161et\u0159en\u00ed nelze nal\u00e9zt p\u0159\u00ed\u010dinu? Pak s n\u00e1v\u0161t\u011bvou na\u0161\u00ed poradny p\u0159\u00edli\u0161 nev\u00e1hejte.<\/p>\n\n\n\n<div style=\"height:43px\" aria-hidden=\"true\" class=\"wp-block-spacer\"><\/div>\n\n\n<div class=\"wp-block-image is-style-rounded\">\n<figure class=\"aligncenter size-full\"><img loading=\"lazy\" decoding=\"async\" width=\"474\" height=\"632\" src=\"https:\/\/www.regenea.eu\/wp-content\/uploads\/2022\/06\/tehotenstvi-e1656530638388-edited.png\" alt=\"\" class=\"wp-image-662\" srcset=\"https:\/\/www.regenea.eu\/wp-content\/uploads\/2022\/06\/tehotenstvi-e1656530638388-edited.png 474w, https:\/\/www.regenea.eu\/wp-content\/uploads\/2022\/06\/tehotenstvi-e1656530638388-edited-225x300.png 225w\" sizes=\"auto, (max-width: 474px) 100vw, 474px\" \/><\/figure>\n<\/div>\n\n\n<div style=\"height:43px\" aria-hidden=\"true\" class=\"wp-block-spacer\"><\/div>\n\n\n\n<p class=\"has-text-align-center has-medium-font-size\">P\u0159\u00ed\u010dina je skryta ve Va\u0161em <em>vit\u00e1ln\u00edm a ment\u00e1ln\u00edm t\u011ble,<\/em> kter\u00e9 ka\u017ed\u00e9 sv\u00fdm zp\u016fsobem ur\u010duje vitalitu <em>fyzick\u00e9ho <\/em>t\u011bla, se kter\u00fdm &#8222;chod\u00edme&#8220; na preventivn\u00ed prohl\u00eddky a kvantov\u00e1 regresn\u00ed diagnostika je unik\u00e1tn\u00ed, experiment\u00e1ln\u00ed metoda s vynikaj\u00edc\u00edmi v\u00fdsledky pr\u00e1v\u011b v odhalen\u00ed prvotn\u00edch p\u0159\u00ed\u010din.<\/p>\n\n\n\n<div style=\"height:43px\" aria-hidden=\"true\" class=\"wp-block-spacer\"><\/div>\n\n\n\n<h2 class=\"wp-block-heading alignwide has-text-align-center\">\u010c\u00edm se zab\u00fdv\u00e1me?<\/h2>\n\n\n\n<p class=\"has-text-align-center has-medium-font-size\"><strong>Vitalitou a v\u00fdkonem org\u00e1n\u016f<\/strong><\/p>\n\n\n\n<p class=\"has-text-align-center has-medium-font-size\"><strong>Prekurzory  jejich oslaben\u00ed<\/strong><\/p>\n\n\n\n<p class=\"has-text-align-center has-medium-font-size\"><strong>Psychoenergetickou anal\u00fdzou<\/strong><\/p>\n\n\n\n<div style=\"height:36px\" aria-hidden=\"true\" class=\"wp-block-spacer\"><\/div>\n\n\n\n<h2 class=\"wp-block-heading has-text-align-center\">Dopl\u0148uj\u00edc\u00ed slu\u017eby<\/h2>\n\n\n\n<p class=\"has-text-align-center has-medium-font-size\"><strong>Detoxikace p\u0159\u00edrodn\u00edmi p\u0159\u00edpravky<\/strong><\/p>\n\n\n\n<p class=\"has-text-align-center has-medium-font-size\"><strong>Suplementace vym\u011b\u0159en\u00fdch vitamin\u016f<\/strong><\/p>\n\n\n\n<p class=\"has-text-align-center has-medium-font-size\"><strong>Regenera\u010dn\u00ed ho\u0159\u010d\u00edkov\u00e9 mas\u00e1\u017ee<\/strong><\/p>\n\n\n\n<div style=\"height:36px\" aria-hidden=\"true\" class=\"wp-block-spacer\"><\/div>\n\n\n\n<h2 class=\"wp-block-heading has-text-align-center\">Jak prob\u00edh\u00e1 m\u011b\u0159en\u00ed?<\/h2>\n\n\n\n<p class=\"has-text-align-center has-medium-font-size\">\u00davodn\u00ed konzultace zahrnuje kr\u00e1tk\u00fd osobn\u00ed rozhovor o subjektivn\u00edch d\u016fvodech n\u00e1v\u0161t\u011bvy, stru\u010dn\u00e9 objasn\u011bn\u00ed metody <em>kvantov\u00e9 regresn\u00ed diagnostiky<\/em>. Na\u010dten\u00ed Va\u0161eho organismu prob\u00edh\u00e1 v oble\u010den\u00ed bez fyzick\u00e9ho kontaktu v klidov\u00e9 poloze nutn\u00e9 pro psychoenergetick\u00e9 m\u011b\u0159en\u00ed po dobu cca 20 minut. Tak jednoduch\u00e9 to pro V\u00e1s je. Zji\u0161t\u011bn\u00e9 \u00fadaje zpracov\u00e1v\u00e1me n\u00e1sledn\u011b do podrobn\u011bj\u0161\u00ed anal\u00fdzy. <\/p>\n\n\n\n<div style=\"height:21px\" aria-hidden=\"true\" class=\"wp-block-spacer\"><\/div>\n\n\n\n<p class=\"has-text-align-center has-medium-font-size\">Na z\u00e1v\u011br konzultace se podle zji\u0161t\u011bn\u00fdch orienta\u010dn\u00edch prekurzor\u016f domluv\u00edme na dal\u0161\u00edm postupu a p\u0159\u00edpadn\u00e9m rozsahu dom\u011b\u0159en\u00ed, kter\u00e9 m\u016f\u017ee prob\u00edhat i online, hodnoty Va\u0161ich prekurzor\u016f pot\u00e9 obdr\u017e\u00edte na V\u00e1\u0161 email. <\/p>\n\n\n\n<div style=\"height:21px\" aria-hidden=\"true\" class=\"wp-block-spacer\"><\/div>\n\n\n\n<h2 class=\"wp-block-heading has-text-align-center\">Kolik zaplat\u00edte?<\/h2>\n\n\n\n<p class=\"has-text-align-center has-medium-font-size\">Cena za \u00favodn\u00ed konzultaci v\u010detn\u011b zji\u0161t\u011bn\u00ed hodnot z\u00e1kladn\u00edch prekurzor\u016f je 1500 K\u010d. Ceny ostatn\u00edch polo\u017eek z\u00e1vis\u00ed na slo\u017eitost\u00ed, rozsahu a dob\u011b poskytovan\u00fdch slu\u017eeb.<\/p>\n\n\n\n<div style=\"height:43px\" aria-hidden=\"true\" class=\"wp-block-spacer\"><\/div>\n\n\n\n<div style=\"height:36px\" aria-hidden=\"true\" class=\"wp-block-spacer\"><\/div>\n","protected":false},"excerpt":{"rendered":"<p>Chcete v\u011bd\u011bt, jak jste na tom opravdu s Va\u0161\u00edm zdrav\u00edm \u010di zdrav\u00edm Va\u0161eho d\u00edt\u011bte? Nebo m\u00e1te pot\u00ed\u017ee a p\u0159es ve\u0161ker\u00e1 modern\u00ed vy\u0161et\u0159en\u00ed nelze nal\u00e9zt p\u0159\u00ed\u010dinu? Pak s n\u00e1v\u0161t\u011bvou na\u0161\u00ed poradny p\u0159\u00edli\u0161 nev\u00e1hejte. P\u0159\u00ed\u010dina je skryta ve Va\u0161em vit\u00e1ln\u00edm a ment\u00e1ln\u00edm t\u011ble, kter\u00e9 ka\u017ed\u00e9 sv\u00fdm zp\u016fsobem ur\u010duje vitalitu fyzick\u00e9ho t\u011bla, se kter\u00fdm &#8222;chod\u00edme&#8220; na preventivn\u00ed prohl\u00eddky [&hellip;]<\/p>\n","protected":false},"author":2,"featured_media":0,"parent":0,"menu_order":0,"comment_status":"closed","ping_status":"closed","template":"","meta":{"footnotes":""},"class_list":["post-3911","page","type-page","status-publish","hentry"],"_links":{"self":[{"href":"https:\/\/www.regenea.eu\/index.php?rest_route=\/wp\/v2\/pages\/3911","targetHints":{"allow":["GET"]}}],"collection":[{"href":"https:\/\/www.regenea.eu\/index.php?rest_route=\/wp\/v2\/pages"}],"about":[{"href":"https:\/\/www.regenea.eu\/index.php?rest_route=\/wp\/v2\/types\/page"}],"author":[{"embeddable":true,"href":"https:\/\/www.regenea.eu\/index.php?rest_route=\/wp\/v2\/users\/2"}],"replies":[{"embeddable":true,"href":"https:\/\/www.regenea.eu\/index.php?rest_route=%2Fwp%2Fv2%2Fcomments&post=3911"}],"version-history":[{"count":16,"href":"https:\/\/www.regenea.eu\/index.php?rest_route=\/wp\/v2\/pages\/3911\/revisions"}],"predecessor-version":[{"id":4170,"href":"https:\/\/www.regenea.eu\/index.php?rest_route=\/wp\/v2\/pages\/3911\/revisions\/4170"}],"wp:attachment":[{"href":"https:\/\/www.regenea.eu\/index.php?rest_route=%2Fwp%2Fv2%2Fmedia&parent=3911"}],"curies":[{"name":"wp","href":"https:\/\/api.w.org\/{rel}","templated":true}]}}